
     {"id":121467,"date":"2024-09-12T17:13:32","date_gmt":"2024-09-12T20:13:32","guid":{"rendered":"https:\/\/www.manquecuranunoa.cl\/?page_id=121467"},"modified":"2026-03-25T08:44:16","modified_gmt":"2026-03-25T11:44:16","slug":"equipo","status":"publish","type":"page","link":"https:\/\/www.pumahue.cl\/chicauma\/equipo\/","title":{"rendered":"Equipo"},"content":{"rendered":"<div class=\"wpb-content-wrapper\"><p>[vc_row][vc_column]<section  class=\"bg-video-wrap hero section hero--centertext  small-header \" style=''>\n                <div class=\"bg-overlay\" style='background:#1c233d;opacity:0.4;'><\/div>\n                <div class=\"overlay\" >\n                  <div class=\"container-fluid\">\n                    <div class=\"row\">\n                      <div class=\"col-md-12 col-lg-12\">\n\n                        <div class=\"caption text-start\"><div class=\"component sub-heading\" >\n                              <h1 class=\"display-h1\">Nuestro Equipo<\/h1>\n                            <\/div><\/div>\n                      <\/div>\n                    <\/div>\n                  <\/div>\n                <\/div>\n              <\/section><div class='row  m-x-0 breadcrumb-wrap ' style=''><div class='container-fluid' >\n                <nav aria-label='breadcrumb'><ol class=\"breadcrumb mt-3\">\n                  <li class=\"breadcrumb-item\"><a href=\"https:\/\/www.pumahue.cl\/chicauma\">Home<\/a><\/li>\n                  <li class=\"breadcrumb-item active\" aria-current=\"page\">Equipo<\/li>\n                <\/ol>\n              <\/nav>\n              <\/div>\n            <\/div>[\/vc_column][\/vc_row][vc_row][vc_column]\n            <div class=\"wrapper\">\n    <section  style='' class=\"section    container-width    \" ><div class=\"container-fluid\"><div class=\"row    \"><div class=\" col-lg-6 col-md-6      \" ><div class=\"component mb-1 mt-0  radius-bottom-LR \" style='px'><div class=\"sub-heading component\"><h2  class=\"h5  \">Conoce nuestro equipo<\/h2><\/div>\n                        <div class=\"sub-heading component \">\n                        <p class=\"body-medium\">Lideran con entusiasmo nuestro proyecto educativo, creando un ambiente de aprendizaje positivo y desarrollando programas innovadores. <br \/>\n<br \/>\nColaboran con la comunidad escolar para que cada estudiante logre su m\u00e1ximo potencial, convirtiendo nuestro colegio en un lugar especial para crecer y aprender juntos.<br \/>\n<\/p>\n                        <\/div><\/div><\/div>\n                    <div class=\"col-lg-6 col-md-6    \"><div class=\"component single-img \"><div class=\"ratio ratio-21x9 callout-img halfcol--img image_overlay_1550\" style=\"background-image: url(https:\/\/www.pumahue.cl\/chicauma\/wp-content\/uploads\/sites\/47\/2025\/02\/MJ_160524_300270.jpg);\"><\/div><\/div> <\/div>\n             <\/div>\n        <\/div>\n<\/section>\n            <\/div>[\/vc_column][\/vc_row][vc_row][vc_column]\n    <section  style='background-color:#19675f;' class=\"section   section--blue     \" ><div class=\"container-fluid\"><div class=\"row    \"><div class=\" col-lg-6 col-md-6      \" ><div class=\"component link\"><div class=\"ratio ratio-4x3 callout-img halfcol--img image_overlay_2493\" style=\"background-image: url(https:\/\/www.pumahue.cl\/chicauma\/wp-content\/uploads\/sites\/47\/2026\/01\/Jorge-Ramos-4.jpg);\"><\/div><\/div><\/div>\n                    <div class=\"col-lg-6 col-md-6    \"><div class=\"component mb-1 mt-0  radius-bottom-LR \" style='px'><div class=\"sub-heading component\"><h2  class=\"h5  \">Rector<\/h2><\/div>\n                        <div class=\"sub-heading component \">\n                        <p class=\"body-medium\"><b>Jorge Ramos<\/b><br>Rector Pumahue Chicauma<\/br><br \/>\n<br \/>\nSu misi\u00f3n de liderar y representar a la comunidad educativa, asegurando que el proyecto educativo institucional se cumpla. Supervisa la gesti\u00f3n acad\u00e9mica, formativa y administrativa del colegio, fomentando un entorno de respeto, aprendizaje integral y compromiso de todos los integrantes de la comunidad escolar.<\/p>\n                        <\/div><\/div> <\/div>\n             <\/div>\n        <\/div>\n<\/section>[\/vc_column][\/vc_row][vc_row el_id=&#8221;equipo-directivo&#8221;][vc_column]<div class=\"wrapper \" ><section  class=\"section   no-link-card section--grey \" style=''>\n    <div class=\"container-fluid \">\n        <div class=\"row m-0 centerText\">\n            \n<div class=\"col-sm-12 col-md-12 col-lg-10 col-xl-8 mx-auto\">       <div class=\"component\">\n                    <div class=\"h5\">Equipo Directivo\n                    <\/div>\n                <\/div>     <\/div><div class=\"col-sm-12 col-md-7 col-lg-6 col-xl-5 mx-auto\">        <div class=\"component link\"><\/div>\n            <\/div>\n        <\/div>\n    <\/div>\n<\/section><section class=\"section cards--section pt-0  no-link-card section--grey \" style=''>\n                <div class=\"container-fluid \">\n                    <div class=\"row m-0\"><div class=\"col-sm-12 col-md-6 col-lg-6\">\n                            <div class=\"card horizontal--card horizontal--card-sm img--100 mb-3\">\n                                <div class=\"row m-0 g-0\">                         <div class=\"col-5 col-md-5 col-lg-5\">\n                                    <div class=\"thumbnail_img_overlay_6519\"> <img decoding=\"async\" src=\"https:\/\/www.pumahue.cl\/chicauma\/wp-content\/uploads\/sites\/47\/2025\/03\/Trinidad-Bustamante.png\" class=\"img-fluid rounded-start\" alt=\"...\"><\/div>\n                                  <\/div>                        <div class=\"col-7 col-md-7 col-lg-7\">\n                                    <div class=\"card-body\">\n                                        <div class=\"component\">\n                                           <a href=\"\" class=\"body-large-bold\" >Trinidad Bustamante<\/a>\n                                        <\/div>\n                                        <div class=\"component m-0\"><p class=\"p\">Directora de Estudios de Educaci\u00f3n Parvularia<\/p><\/div>                              <div class=\"modal-overlay sm--modal link\" >\n                                            <a href=\"\" class=\"btn btn-link\"   aria-label=\"Read More\"><\/a>\n                                        <\/div>                           <\/div>\n                                  <\/div>\n                                <\/div>\n                            <\/div>\n                        <\/div><div class=\"col-sm-12 col-md-6 col-lg-6\">\n                            <div class=\"card horizontal--card horizontal--card-sm img--100 mb-3\">\n                                <div class=\"row m-0 g-0\">                         <div class=\"col-5 col-md-5 col-lg-5\">\n                                    <div class=\"thumbnail_img_overlay_6410\"> <img decoding=\"async\" src=\"https:\/\/www.pumahue.cl\/chicauma\/wp-content\/uploads\/sites\/47\/2025\/03\/Magdalena-Diaz.png\" class=\"img-fluid rounded-start\" alt=\"...\"><\/div>\n                                  <\/div>                        <div class=\"col-7 col-md-7 col-lg-7\">\n                                    <div class=\"card-body\">\n                                        <div class=\"component\">\n                                           <a href=\"\" class=\"body-large-bold\" >Magdalena D\u00edaz<\/a>\n                                        <\/div>\n                                        <div class=\"component m-0\"><p class=\"p\">Directora de Estudios de Educaci\u00f3n B\u00e1sica<\/p><\/div>                              <div class=\"modal-overlay sm--modal link\" >\n                                            <a href=\"\" class=\"btn btn-link\"   aria-label=\"Read More\"><\/a>\n                                        <\/div>                           <\/div>\n                                  <\/div>\n                                <\/div>\n                            <\/div>\n                        <\/div><div class=\"col-sm-12 col-md-6 col-lg-6\">\n                            <div class=\"card horizontal--card horizontal--card-sm img--100 mb-3\">\n                                <div class=\"row m-0 g-0\">                         <div class=\"col-5 col-md-5 col-lg-5\">\n                                    <div class=\"thumbnail_img_overlay_7061\"> <img decoding=\"async\" src=\"https:\/\/www.pumahue.cl\/chicauma\/wp-content\/uploads\/sites\/47\/2025\/03\/Christian-Silva.png\" class=\"img-fluid rounded-start\" alt=\"...\"><\/div>\n                                  <\/div>                        <div class=\"col-7 col-md-7 col-lg-7\">\n                                    <div class=\"card-body\">\n                                        <div class=\"component\">\n                                           <a href=\"\" class=\"body-large-bold\" >Christian Silva<\/a>\n                                        <\/div>\n                                        <div class=\"component m-0\"><p class=\"p\">Director de Estudios de Educaci\u00f3n Media<\/p><\/div>                              <div class=\"modal-overlay sm--modal link\" >\n                                            <a href=\"\" class=\"btn btn-link\"   aria-label=\"Read More\"><\/a>\n                                        <\/div>                           <\/div>\n                                  <\/div>\n                                <\/div>\n                            <\/div>\n                        <\/div><div class=\"col-sm-12 col-md-6 col-lg-6\">\n                            <div class=\"card horizontal--card horizontal--card-sm img--100 mb-3\">\n                                <div class=\"row m-0 g-0\">                         <div class=\"col-5 col-md-5 col-lg-5\">\n                                    <div class=\"thumbnail_img_overlay_3545\"> <img decoding=\"async\" src=\"https:\/\/www.pumahue.cl\/chicauma\/wp-content\/uploads\/sites\/47\/2025\/09\/Untitled-design.svg\" class=\"img-fluid rounded-start\" alt=\"...\"><\/div>\n                                  <\/div>                        <div class=\"col-7 col-md-7 col-lg-7\">\n                                    <div class=\"card-body\">\n                                        <div class=\"component\">\n                                           <a href=\"\" class=\"body-large-bold\" >Constanza Videla<\/a>\n                                        <\/div>\n                                        <div class=\"component m-0\"><p class=\"p\">Bilingual Academic Leader (BAL) <\/p><\/div>                              <div class=\"modal-overlay sm--modal link\" >\n                                            <a href=\"\" class=\"btn btn-link\"   aria-label=\"Read More\"><\/a>\n                                        <\/div>                           <\/div>\n                                  <\/div>\n                                <\/div>\n                            <\/div>\n                        <\/div>          <\/div>\n                <\/div>\n            <\/section><\/div>[\/vc_column][\/vc_row][vc_row el_id=&#8221;equipo-salvaguarda&#8221;][vc_column]\n            <div class=\"wrapper\">\n    <section  style='' class=\"section    container-width pb-0   \" ><div class=\"container-fluid\"><div class=\"row    \"><div class=\" col-lg-6 col-md-6      \" ><div class=\"component mb-1 mt-0  radius-bottom-LR \" style='px'><div class=\"sub-heading component\"><h2  class=\"h5  \">Encargada de Salvaguarda Pumahue Chicauma<\/h2><\/div>\n                        <div class=\"sub-heading component \">\n                        <p class=\"body-medium\"><b>Daniela Leiva<\/b> <br>Psic\u00f3loga Encargada de Salvaguarda<\/br><br \/>\n<br \/>\nLa encargada de salvaguarda del colegio Pumahue Chicauma vela por el bienestar f\u00edsico, emocional y psicol\u00f3gico de los estudiantes de nuestra instituci\u00f3n, entreg\u00e1ndoles, tambi\u00e9n a nuestros trabajadores, herramientas y\/o conocimientos que les permitan identificar las distintas se\u00f1ales para intervenir r\u00e1pidamente en los casos que lo requieran.<br \/>\n<br \/>\n<\/p>\n                        <\/div><\/div><\/div>\n                    <div class=\"col-lg-6 col-md-6    \"><div class=\"component single-img \"><\/div> <\/div>\n             <\/div>\n        <\/div>\n<\/section>\n            <\/div>[\/vc_column][\/vc_row][vc_row css=&#8221;.vc_custom_1732303111985{background-color: #E9F0F5 !important;}&#8221; el_class=&#8221;linear-gradient-primary&#8221;][vc_column]<style>\n\t\t\t\t\t\t.linkcard-override .card--bordered {\n\t\t\t\t\t\t\tborder-color: #FFFFFF !important;\n\t\t\t\t\t\t\ttransition: color .15s ease-in-out,\n\t\t\t\t\t\t\t\t\t\tbackground-color .15s ease-in-out,\n\t\t\t\t\t\t\t\t\t\tborder-color .15s ease-in-out,\n\t\t\t\t\t\t\t\t\t\tbox-shadow .15s ease-in-out;\n\t\t\t\t\t\t}\n\t\t\t\t\t\t.linkcard-override .btn-link {color: #FFFFFF !important;}\n\t\t\t\t\t\t.linkcard-override .card--bordered:hover { border-color: #DD9933 !important;}\n\t\t\t\t\t\t.linkcard-override .card--bordered:hover .btn-link {color: #DD9933 !important}\n\t\t\t\t\t\t.linkcard-override .btn-link:hover {color: #FFFFFF !important;}\n\t\t\t\t\t<\/style><section class=\"section section--blue bottom-step TopBottomBorder   \" style=\"background-image: url('');;;\"><div class=\"container-fluid\"><div class=\"row\"><div class=\"col-sm-12\"><div class=\"component title\"><p class=\"body-small\">Quiz\u00e1s le interese<\/p><\/div><\/div><\/div><div class=\"row\"><div class=\"col-md-4\"><div class=\"component linkcard linkcard-override\">\n                                <a class=\"card card--bordered\" href=\"\/chicauma\/admision\/contacto\/\">\n                                    <div class=\"card-body d-flex align-items-center\">\n                                    <div> <div class=\"component link\">\n                                            <div  class=\"btn btn-link simple-link h5\">Cont\u00e1ctanos<\/div>\n                                        <\/div><\/div><\/div><\/a><\/div><\/div><div class=\"col-md-4\"><div class=\"component linkcard linkcard-override\">\n                                <a class=\"card card--bordered\" href=\"https:\/\/landing.pumahue.cl\/chicauma-admision\">\n                                    <div class=\"card-body d-flex align-items-center\">\n                                    <div> <div class=\"component link\">\n                                            <div  class=\"btn btn-link simple-link h5\">Postule Aqu\u00ed<\/div>\n                                        <\/div><\/div><\/div><\/a><\/div><\/div><div class=\"col-md-4\"><div class=\"component linkcard linkcard-override\">\n                                <a class=\"card card--bordered\" href=\"\/chicauma\/admision\/proceso-de-admision\/\">\n                                    <div class=\"card-body d-flex align-items-center\">\n                                    <div> <div class=\"component link\">\n                                            <div  class=\"btn btn-link simple-link h5\">Ven a Conocernos<\/div>\n                                        <\/div><\/div><\/div><\/a><\/div><\/div><\/div><\/section>[\/vc_column][\/vc_row]<\/p>\n<\/div>","protected":false},"excerpt":{"rendered":"<p>[vc_row][vc_column][\/vc_column][\/vc_row][vc_row][vc_column][\/vc_column][\/vc_row][vc_row][vc_column][\/vc_column][\/vc_row][vc_row el_id=&#8221;equipo-directivo&#8221;][vc_column][\/vc_column][\/vc_row][vc_row el_id=&#8221;equipo-salvaguarda&#8221;][vc_column][\/vc_column][\/vc_row][vc_row css=&#8221;.vc_custom_1732303111985{background-color: #E9F0F5 !important;}&#8221; el_class=&#8221;linear-gradient-primary&#8221;][vc_column][\/vc_column][\/vc_row]<\/p>\n","protected":false},"author":14,"featured_media":0,"parent":0,"menu_order":0,"comment_status":"closed","ping_status":"closed","template":"","meta":{"_acf_changed":false,"content-type":"","footnotes":""},"class_list":["post-121467","page","type-page","status-publish","hentry"],"acf":[],"yoast_head":"<!-- This site is optimized with the Yoast SEO plugin v27.1.1 - https:\/\/yoast.com\/product\/yoast-seo-wordpress\/ -->\n<title>Equipo - Colegio Pumahue Chicauma<\/title>\n<meta name=\"robots\" content=\"index, follow, max-snippet:-1, max-image-preview:large, max-video-preview:-1\" \/>\n<link rel=\"canonical\" href=\"https:\/\/www.pumahue.cl\/chicauma\/equipo\/\" \/>\n<meta property=\"og:locale\" content=\"es_ES\" \/>\n<meta property=\"og:type\" content=\"article\" \/>\n<meta property=\"og:title\" content=\"Equipo - Colegio Pumahue Chicauma\" \/>\n<meta property=\"og:description\" content=\"[vc_row][vc_column][\/vc_column][\/vc_row][vc_row][vc_column][\/vc_column][\/vc_row][vc_row][vc_column][\/vc_column][\/vc_row][vc_row el_id=&#8221;equipo-directivo&#8221;][vc_column][\/vc_column][\/vc_row][vc_row el_id=&#8221;equipo-salvaguarda&#8221;][vc_column][\/vc_column][\/vc_row][vc_row css=&#8221;.vc_custom_1732303111985{background-color: #E9F0F5 !important;}&#8221; el_class=&#8221;linear-gradient-primary&#8221;][vc_column][\/vc_column][\/vc_row]\" \/>\n<meta property=\"og:url\" content=\"https:\/\/www.pumahue.cl\/chicauma\/equipo\/\" \/>\n<meta property=\"og:site_name\" content=\"Colegio Pumahue Chicauma\" \/>\n<meta property=\"article:publisher\" content=\"http:\/\/www.facebook.com\/ColegiosPumahue\" \/>\n<meta property=\"article:modified_time\" content=\"2026-03-25T11:44:16+00:00\" \/>\n<meta property=\"og:image\" content=\"https:\/\/www.pumahue.cl\/chicauma\/wp-content\/uploads\/sites\/47\/2025\/02\/cropped-logo_Pumahue_.png\" \/>\n\t<meta property=\"og:image:width\" content=\"512\" \/>\n\t<meta property=\"og:image:height\" content=\"512\" \/>\n\t<meta property=\"og:image:type\" content=\"image\/png\" \/>\n<meta name=\"twitter:card\" content=\"summary_large_image\" \/>\n<meta name=\"twitter:label1\" content=\"Tiempo de lectura\" \/>\n\t<meta name=\"twitter:data1\" content=\"1 minuto\" \/>\n<script type=\"application\/ld+json\" class=\"yoast-schema-graph\">{\"@context\":\"https:\/\/schema.org\",\"@graph\":[{\"@type\":\"WebPage\",\"@id\":\"https:\/\/www.pumahue.cl\/chicauma\/equipo\/\",\"url\":\"https:\/\/www.pumahue.cl\/chicauma\/equipo\/\",\"name\":\"Equipo - Colegio Pumahue Chicauma\",\"isPartOf\":{\"@id\":\"https:\/\/www.pumahue.cl\/chicauma\/#website\"},\"datePublished\":\"2024-09-12T20:13:32+00:00\",\"dateModified\":\"2026-03-25T11:44:16+00:00\",\"breadcrumb\":{\"@id\":\"https:\/\/www.pumahue.cl\/chicauma\/equipo\/#breadcrumb\"},\"inLanguage\":\"es\",\"potentialAction\":[{\"@type\":\"ReadAction\",\"target\":[\"https:\/\/www.pumahue.cl\/chicauma\/equipo\/\"]}]},{\"@type\":\"BreadcrumbList\",\"@id\":\"https:\/\/www.pumahue.cl\/chicauma\/equipo\/#breadcrumb\",\"itemListElement\":[{\"@type\":\"ListItem\",\"position\":1,\"name\":\"Home\",\"item\":\"https:\/\/www.pumahue.cl\/chicauma\/\"},{\"@type\":\"ListItem\",\"position\":2,\"name\":\"Equipo\"}]},{\"@type\":\"WebSite\",\"@id\":\"https:\/\/www.pumahue.cl\/chicauma\/#website\",\"url\":\"https:\/\/www.pumahue.cl\/chicauma\/\",\"name\":\"Colegio Pumahue Chicauma\",\"description\":\"Parte de Cognita Schools\",\"publisher\":{\"@id\":\"https:\/\/www.pumahue.cl\/chicauma\/#organization\"},\"potentialAction\":[{\"@type\":\"SearchAction\",\"target\":{\"@type\":\"EntryPoint\",\"urlTemplate\":\"https:\/\/www.pumahue.cl\/chicauma\/?s={search_term_string}\"},\"query-input\":{\"@type\":\"PropertyValueSpecification\",\"valueRequired\":true,\"valueName\":\"search_term_string\"}}],\"inLanguage\":\"es\"},{\"@type\":\"Organization\",\"@id\":\"https:\/\/www.pumahue.cl\/chicauma\/#organization\",\"name\":\"Colegio Pumahue Chicauma\",\"url\":\"https:\/\/www.pumahue.cl\/chicauma\/\",\"logo\":{\"@type\":\"ImageObject\",\"inLanguage\":\"es\",\"@id\":\"https:\/\/www.pumahue.cl\/chicauma\/#\/schema\/logo\/image\/\",\"url\":\"https:\/\/www.pumahue.cl\/chicauma\/wp-content\/uploads\/sites\/47\/2025\/02\/cropped-logo_Pumahue_.png\",\"contentUrl\":\"https:\/\/www.pumahue.cl\/chicauma\/wp-content\/uploads\/sites\/47\/2025\/02\/cropped-logo_Pumahue_.png\",\"width\":512,\"height\":512,\"caption\":\"Colegio Pumahue Chicauma\"},\"image\":{\"@id\":\"https:\/\/www.pumahue.cl\/chicauma\/#\/schema\/logo\/image\/\"},\"sameAs\":[\"http:\/\/www.facebook.com\/ColegiosPumahue\",\"https:\/\/www.instagram.com\/colegiopumahue_chicauma\/\",\"https:\/\/www.youtube.com\/@CognitaChile\"]}]}<\/script>\n<!-- \/ Yoast SEO plugin. -->","yoast_head_json":{"title":"Equipo - Colegio Pumahue Chicauma","robots":{"index":"index","follow":"follow","max-snippet":"max-snippet:-1","max-image-preview":"max-image-preview:large","max-video-preview":"max-video-preview:-1"},"canonical":"https:\/\/www.pumahue.cl\/chicauma\/equipo\/","og_locale":"es_ES","og_type":"article","og_title":"Equipo - Colegio Pumahue Chicauma","og_description":"[vc_row][vc_column][\/vc_column][\/vc_row][vc_row][vc_column][\/vc_column][\/vc_row][vc_row][vc_column][\/vc_column][\/vc_row][vc_row el_id=&#8221;equipo-directivo&#8221;][vc_column][\/vc_column][\/vc_row][vc_row el_id=&#8221;equipo-salvaguarda&#8221;][vc_column][\/vc_column][\/vc_row][vc_row css=&#8221;.vc_custom_1732303111985{background-color: #E9F0F5 !important;}&#8221; el_class=&#8221;linear-gradient-primary&#8221;][vc_column][\/vc_column][\/vc_row]","og_url":"https:\/\/www.pumahue.cl\/chicauma\/equipo\/","og_site_name":"Colegio Pumahue Chicauma","article_publisher":"http:\/\/www.facebook.com\/ColegiosPumahue","article_modified_time":"2026-03-25T11:44:16+00:00","og_image":[{"width":512,"height":512,"url":"https:\/\/www.pumahue.cl\/chicauma\/wp-content\/uploads\/sites\/47\/2025\/02\/cropped-logo_Pumahue_.png","type":"image\/png"}],"twitter_card":"summary_large_image","twitter_misc":{"Tiempo de lectura":"1 minuto"},"schema":{"@context":"https:\/\/schema.org","@graph":[{"@type":"WebPage","@id":"https:\/\/www.pumahue.cl\/chicauma\/equipo\/","url":"https:\/\/www.pumahue.cl\/chicauma\/equipo\/","name":"Equipo - Colegio Pumahue Chicauma","isPartOf":{"@id":"https:\/\/www.pumahue.cl\/chicauma\/#website"},"datePublished":"2024-09-12T20:13:32+00:00","dateModified":"2026-03-25T11:44:16+00:00","breadcrumb":{"@id":"https:\/\/www.pumahue.cl\/chicauma\/equipo\/#breadcrumb"},"inLanguage":"es","potentialAction":[{"@type":"ReadAction","target":["https:\/\/www.pumahue.cl\/chicauma\/equipo\/"]}]},{"@type":"BreadcrumbList","@id":"https:\/\/www.pumahue.cl\/chicauma\/equipo\/#breadcrumb","itemListElement":[{"@type":"ListItem","position":1,"name":"Home","item":"https:\/\/www.pumahue.cl\/chicauma\/"},{"@type":"ListItem","position":2,"name":"Equipo"}]},{"@type":"WebSite","@id":"https:\/\/www.pumahue.cl\/chicauma\/#website","url":"https:\/\/www.pumahue.cl\/chicauma\/","name":"Colegio Pumahue Chicauma","description":"Parte de Cognita Schools","publisher":{"@id":"https:\/\/www.pumahue.cl\/chicauma\/#organization"},"potentialAction":[{"@type":"SearchAction","target":{"@type":"EntryPoint","urlTemplate":"https:\/\/www.pumahue.cl\/chicauma\/?s={search_term_string}"},"query-input":{"@type":"PropertyValueSpecification","valueRequired":true,"valueName":"search_term_string"}}],"inLanguage":"es"},{"@type":"Organization","@id":"https:\/\/www.pumahue.cl\/chicauma\/#organization","name":"Colegio Pumahue Chicauma","url":"https:\/\/www.pumahue.cl\/chicauma\/","logo":{"@type":"ImageObject","inLanguage":"es","@id":"https:\/\/www.pumahue.cl\/chicauma\/#\/schema\/logo\/image\/","url":"https:\/\/www.pumahue.cl\/chicauma\/wp-content\/uploads\/sites\/47\/2025\/02\/cropped-logo_Pumahue_.png","contentUrl":"https:\/\/www.pumahue.cl\/chicauma\/wp-content\/uploads\/sites\/47\/2025\/02\/cropped-logo_Pumahue_.png","width":512,"height":512,"caption":"Colegio Pumahue Chicauma"},"image":{"@id":"https:\/\/www.pumahue.cl\/chicauma\/#\/schema\/logo\/image\/"},"sameAs":["http:\/\/www.facebook.com\/ColegiosPumahue","https:\/\/www.instagram.com\/colegiopumahue_chicauma\/","https:\/\/www.youtube.com\/@CognitaChile"]}]}},"jetpack_sharing_enabled":true,"_links":{"self":[{"href":"https:\/\/www.pumahue.cl\/chicauma\/wp-json\/wp\/v2\/pages\/121467","targetHints":{"allow":["GET"]}}],"collection":[{"href":"https:\/\/www.pumahue.cl\/chicauma\/wp-json\/wp\/v2\/pages"}],"about":[{"href":"https:\/\/www.pumahue.cl\/chicauma\/wp-json\/wp\/v2\/types\/page"}],"author":[{"embeddable":true,"href":"https:\/\/www.pumahue.cl\/chicauma\/wp-json\/wp\/v2\/users\/14"}],"replies":[{"embeddable":true,"href":"https:\/\/www.pumahue.cl\/chicauma\/wp-json\/wp\/v2\/comments?post=121467"}],"version-history":[{"count":20,"href":"https:\/\/www.pumahue.cl\/chicauma\/wp-json\/wp\/v2\/pages\/121467\/revisions"}],"predecessor-version":[{"id":127955,"href":"https:\/\/www.pumahue.cl\/chicauma\/wp-json\/wp\/v2\/pages\/121467\/revisions\/127955"}],"wp:attachment":[{"href":"https:\/\/www.pumahue.cl\/chicauma\/wp-json\/wp\/v2\/media?parent=121467"}],"curies":[{"name":"wp","href":"https:\/\/api.w.org\/{rel}","templated":true}]}}