{"id":124150,"date":"2024-12-16T09:16:15","date_gmt":"2024-12-16T12:16:15","guid":{"rendered":"https:\/\/www.manquecuranunoa.cl\/?page_id=124150"},"modified":"2025-12-16T10:39:00","modified_gmt":"2025-12-16T13:39:00","slug":"lista-de-utiles","status":"publish","type":"page","link":"https:\/\/www.pumahue.cl\/chicauma\/lista-de-utiles\/","title":{"rendered":"Lista de \u00fatiles"},"content":{"rendered":"<div class=\"wpb-content-wrapper\"><p>[vc_row][vc_column]\n            <div class=\"wrapper\">\n    <section  style='' class=\"section    container-width    \" ><div class=\"container-fluid\"><div class=\"row\">\n                <div class=\"col-md-12 col-lg-10\">  <div class=\"component title\">\n                                        <p class=\"body-small\">A continuaci\u00f3n, encontrar\u00e1n las listas de \u00fatiles del Pumahue Chicauma. Los archivos est\u00e1n disponibles en formato PDF para su descarga. Seleccione el nivel correspondiente para acceder a la informaci\u00f3n.<\/p>\n                                    <\/div><\/div>\n                <\/div><div class=\"row    \"><div class=\" col-lg-6 col-md-6      \" ><\/div>\n                    <div class=\"col-lg-6 col-md-6    \"> <\/div>\n             <\/div>\n        <\/div>\n<\/section>\n            <\/div>[\/vc_column][\/vc_row][vc_row][vc_column]\n        <div class=\"wrapper\"><section   class=\"section  middle-section container-width   \" style=''><div class=\"container-fluid \" ><div class=\"row\">\n                            <div class=\"col-md-12\"><div class=\"component heading mt-0\">\n                                        <h2 style=\"font-size: 20px; margin-bottom: 18px; font-family: Arial, sans-serif;\">\n  <b>Educaci\u00f3n Parvularia<\/b><br \/>\n<\/h2>\n<table style=\"\n  width: 100%;\n  border-collapse: collapse;\n  margin-bottom: 30px;\n  font-family: Arial, sans-serif;\n  text-align: center;\n\"><\/p>\n<tr>\n<td style=\"border: 1px solid #ddd; padding: 14px;\">\n      <a href=\"https:\/\/www.ddee.cl\/upload_archivos\/lista_utiles\/upload\/2026\/CMA\/Tradicional\/PG\/archivo.pdf\"\n         target=\"_blank\" download\n         style=\"text-decoration: none; font-size: 15px; font-weight: bold; color: #006eb6;\"><br \/>\n        Playgroup - Tradicional <span style=\"margin-left: 8px;\">&#10515;<\/span><br \/>\n      <\/a>\n    <\/td>\n<td style=\"border: 1px solid #ddd; padding: 14px;\">\n      <a href=\"https:\/\/www.ddee.cl\/upload_archivos\/lista_utiles\/upload\/2026\/CMA\/Bilingue\/PG\/archivo.pdf\"\n         target=\"_blank\" download\n         style=\"text-decoration: none; font-size: 15px; font-weight: bold; color: #00a97a;\"><br \/>\n        Playgroup - Biling\u00fce <span style=\"margin-left: 8px;\">&#10515;<\/span><br \/>\n      <\/a>\n    <\/td>\n<\/tr>\n<tr>\n<td style=\"border: 1px solid #ddd; padding: 14px;\">\n      <a href=\"https:\/\/www.ddee.cl\/upload_archivos\/lista_utiles\/upload\/2026\/CMA\/Tradicional\/JI\/archivo.pdf\"\n         target=\"_blank\" download\n         style=\"text-decoration: none; font-size: 15px; font-weight: bold; color: #006eb6;\"><br \/>\n        Jard\u00edn - Tradicional <span style=\"margin-left: 8px;\">&#10515;<\/span><br \/>\n      <\/a>\n    <\/td>\n<td style=\"border: 1px solid #ddd; padding: 14px;\">\n      <a href=\"https:\/\/www.ddee.cl\/upload_archivos\/lista_utiles\/upload\/2026\/CMA\/Bilingue\/JI\/archivo.pdf\"\n         target=\"_blank\" download\n         style=\"text-decoration: none; font-size: 15px; font-weight: bold; color: #00a97a;\"><br \/>\n        Jard\u00edn - Biling\u00fce <span style=\"margin-left: 8px;\">&#10515;<\/span><br \/>\n      <\/a>\n    <\/td>\n<\/tr>\n<tr>\n<td style=\"border: 1px solid #ddd; padding: 14px;\">\n      <a href=\"https:\/\/www.ddee.cl\/upload_archivos\/lista_utiles\/upload\/2026\/CMA\/Tradicional\/PK\/archivo.pdf\"\n         target=\"_blank\" download\n         style=\"text-decoration: none; font-size: 15px; font-weight: bold; color: #006eb6;\"><br \/>\n        Prek\u00ednder - Tradicional <span style=\"margin-left: 8px;\">&#10515;<\/span><br \/>\n      <\/a>\n    <\/td>\n<td style=\"border: 1px solid #ddd; padding: 14px;\">\n      <a href=\"https:\/\/www.ddee.cl\/upload_archivos\/lista_utiles\/upload\/2026\/CMA\/Bilingue\/PK\/archivo.pdf\"\n         target=\"_blank\" download\n         style=\"text-decoration: none; font-size: 15px; font-weight: bold; color: #00a97a;\"><br \/>\n        Prek\u00ednder - Biling\u00fce <span style=\"margin-left: 8px;\">&#10515;<\/span><br \/>\n      <\/a>\n    <\/td>\n<\/tr>\n<tr>\n<td style=\"border: 1px solid #ddd; padding: 14px;\">\n      <a href=\"https:\/\/www.ddee.cl\/upload_archivos\/lista_utiles\/upload\/2026\/CMA\/Tradicional\/K\/archivo.pdf\"\n         target=\"_blank\" download\n         style=\"text-decoration: none; font-size: 15px; font-weight: bold; color: #006eb6;\"><br \/>\n        K\u00ednder - Tradicional <span style=\"margin-left: 8px;\">&#10515;<\/span><br \/>\n      <\/a>\n    <\/td>\n<td style=\"border: 1px solid #ddd; padding: 14px;\">\n      <a href=\"https:\/\/www.ddee.cl\/upload_archivos\/lista_utiles\/upload\/2026\/CMA\/Bilingue\/K\/archivo.pdf\"\n         target=\"_blank\" download\n         style=\"text-decoration: none; font-size: 15px; font-weight: bold; color: #00a97a;\"><br \/>\n        K\u00ednder - Biling\u00fce <span style=\"margin-left: 8px;\">&#10515;<\/span><br \/>\n      <\/a>\n    <\/td>\n<\/tr>\n<\/table>\n<h2 style=\"font-size: 20px; margin-bottom: 18px; font-family: Arial, sans-serif;\">\n  <b>Educaci\u00f3n B\u00e1sica<\/b><br \/>\n<\/h2>\n<table style=\"\n  width: 100%;\n  border-collapse: collapse;\n  margin-bottom: 30px;\n  font-family: Arial, sans-serif;\n  text-align: center;\n\"><br \/>\n  <!-- 1\u00b0 B\u00e1sico --><\/p>\n<tr>\n<td style=\"border: 1px solid #ddd; padding: 14px;\">\n      <a href=\"https:\/\/www.ddee.cl\/upload_archivos\/lista_utiles\/upload\/2026\/CMA\/Tradicional\/1B\/archivo.pdf\"\n         target=\"_blank\" download\n         style=\"text-decoration: none; font-size: 15px; font-weight: bold; color: #006eb6;\"><br \/>\n        1\u00b0 B\u00e1sico - Tradicional <span style=\"margin-left: 8px;\">&#10515;<\/span><br \/>\n      <\/a>\n    <\/td>\n<td style=\"border: 1px solid #ddd; padding: 14px;\">\n      <a href=\"https:\/\/www.ddee.cl\/upload_archivos\/lista_utiles\/upload\/2026\/CMA\/Bilingue\/1B\/archivo.pdf\"\n         target=\"_blank\" download\n         style=\"text-decoration: none; font-size: 15px; font-weight: bold; color: #00a97a;\"><br \/>\n        1\u00b0 B\u00e1sico - Biling\u00fce <span style=\"margin-left: 8px;\">&#10515;<\/span><br \/>\n      <\/a>\n    <\/td>\n<\/tr>\n<p>  <!-- 2\u00b0 B\u00e1sico --><\/p>\n<tr>\n<td style=\"border: 1px solid #ddd; padding: 14px;\">\n      <a href=\"https:\/\/www.ddee.cl\/upload_archivos\/lista_utiles\/upload\/2026\/CMA\/Tradicional\/2B\/archivo.pdf\"\n         target=\"_blank\" download\n         style=\"text-decoration: none; font-size: 15px; font-weight: bold; color: #006eb6;\"><br \/>\n        2\u00b0 B\u00e1sico - Tradicional <span style=\"margin-left: 8px;\">&#10515;<\/span><br \/>\n      <\/a>\n    <\/td>\n<td style=\"border: 1px solid #ddd; padding: 14px;\">\n      <a href=\"https:\/\/www.ddee.cl\/upload_archivos\/lista_utiles\/upload\/2026\/CMA\/Bilingue\/2B\/archivo.pdf\"\n         target=\"_blank\" download\n         style=\"text-decoration: none; font-size: 15px; font-weight: bold; color: #00a97a;\"><br \/>\n        2\u00b0 B\u00e1sico - Biling\u00fce <span style=\"margin-left: 8px;\">&#10515;<\/span><br \/>\n      <\/a>\n    <\/td>\n<\/tr>\n<p>  <!-- 3\u00b0 B\u00e1sico --><\/p>\n<tr>\n<td style=\"border: 1px solid #ddd; padding: 14px;\">\n      <a href=\"https:\/\/www.ddee.cl\/upload_archivos\/lista_utiles\/upload\/2026\/CMA\/Tradicional\/3B\/archivo.pdf\"\n         target=\"_blank\" download\n         style=\"text-decoration: none; font-size: 15px; font-weight: bold; color: #006eb6;\"><br \/>\n        3\u00b0 B\u00e1sico - Tradicional <span style=\"margin-left: 8px;\">&#10515;<\/span><br \/>\n      <\/a>\n    <\/td>\n<td style=\"border: 1px solid #ddd; padding: 14px;\">\n      <a href=\"https:\/\/www.ddee.cl\/upload_archivos\/lista_utiles\/upload\/2026\/CMA\/Bilingue\/3B\/archivo.pdf\"\n         target=\"_blank\" download\n         style=\"text-decoration: none; font-size: 15px; font-weight: bold; color: #00a97a;\"><br \/>\n        3\u00b0 B\u00e1sico - Biling\u00fce <span style=\"margin-left: 8px;\">&#10515;<\/span><br \/>\n      <\/a>\n    <\/td>\n<\/tr>\n<p>  <!-- 4\u00b0 B\u00e1sico --><\/p>\n<tr>\n<td style=\"border: 1px solid #ddd; padding: 14px;\">\n      <a href=\"https:\/\/www.ddee.cl\/upload_archivos\/lista_utiles\/upload\/2026\/CMA\/Tradicional\/4B\/archivo.pdf\"\n         target=\"_blank\" download\n         style=\"text-decoration: none; font-size: 15px; font-weight: bold; color: #006eb6;\"><br \/>\n        4\u00b0 B\u00e1sico - Tradicional <span style=\"margin-left: 8px;\">&#10515;<\/span><br \/>\n      <\/a>\n    <\/td>\n<td style=\"border: 1px solid #ddd; padding: 14px;\">\n      <a href=\"https:\/\/www.ddee.cl\/upload_archivos\/lista_utiles\/upload\/2026\/CMA\/Bilingue\/4B\/archivo.pdf\"\n         target=\"_blank\" download\n         style=\"text-decoration: none; font-size: 15px; font-weight: bold; color: #00a97a;\"><br \/>\n        4\u00b0 B\u00e1sico - Biling\u00fce <span style=\"margin-left: 8px;\">&#10515;<\/span><br \/>\n      <\/a>\n    <\/td>\n<\/tr>\n<p>  <!-- 5\u00b0 B\u00e1sico --><\/p>\n<tr>\n<td style=\"border: 1px solid #ddd; padding: 14px;\">\n      <a href=\"https:\/\/www.ddee.cl\/upload_archivos\/lista_utiles\/upload\/2026\/CMA\/Tradicional\/5B\/archivo.pdf\"\n         target=\"_blank\" download\n         style=\"text-decoration: none; font-size: 15px; font-weight: bold; color: #006eb6;\"><br \/>\n        5\u00b0 B\u00e1sico - Tradicional <span style=\"margin-left: 8px;\">&#10515;<\/span><br \/>\n      <\/a>\n    <\/td>\n<td style=\"border: 1px solid #ddd; padding: 14px;\">\n      <a href=\"https:\/\/www.ddee.cl\/upload_archivos\/lista_utiles\/upload\/2026\/CMA\/Bilingue\/5B\/archivo.pdf\"\n         target=\"_blank\" download\n         style=\"text-decoration: none; font-size: 15px; font-weight: bold; color: #00a97a;\"><br \/>\n        5\u00b0 B\u00e1sico - Biling\u00fce <span style=\"margin-left: 8px;\">&#10515;<\/span><br \/>\n      <\/a>\n    <\/td>\n<\/tr>\n<p>  <!-- 6\u00b0 B\u00e1sico --><\/p>\n<tr>\n<td style=\"border: 1px solid #ddd; padding: 14px;\">\n      <a href=\"https:\/\/www.ddee.cl\/upload_archivos\/lista_utiles\/upload\/2026\/CMA\/Tradicional\/6B\/archivo.pdf\"\n         target=\"_blank\" download\n         style=\"text-decoration: none; font-size: 15px; font-weight: bold; color: #006eb6;\"><br \/>\n        6\u00b0 B\u00e1sico - Tradicional <span style=\"margin-left: 8px;\">&#10515;<\/span><br \/>\n      <\/a>\n    <\/td>\n<td style=\"border: 1px solid #ddd; padding: 14px;\">\n      <a href=\"https:\/\/www.ddee.cl\/upload_archivos\/lista_utiles\/upload\/2026\/CMA\/Bilingue\/6B\/archivo.pdf\"\n         target=\"_blank\" download\n         style=\"text-decoration: none; font-size: 15px; font-weight: bold; color: #00a97a;\"><br \/>\n        6\u00b0 B\u00e1sico - Biling\u00fce <span style=\"margin-left: 8px;\">&#10515;<\/span><br \/>\n      <\/a>\n    <\/td>\n<\/tr>\n<\/table>\n<h2 style=\"font-size: 20px; margin-bottom: 18px; font-family: Arial, sans-serif;\">\n <b> Educaci\u00f3n Media<\/b><br \/>\n<\/h2>\n<table style=\"\n  width: 100%;\n  border-collapse: collapse;\n  margin-bottom: 30px;\n  font-family: Arial, sans-serif;\n  text-align: center;\n\"><br \/>\n  <!-- 7\u00b0 B\u00e1sico --><\/p>\n<tr>\n<td style=\"border: 1px solid #ddd; padding: 14px;\">\n      <a href=\"https:\/\/www.ddee.cl\/upload_archivos\/lista_utiles\/upload\/2026\/CMA\/Tradicional\/7B\/archivo.pdf\"\n         target=\"_blank\" download\n         style=\"text-decoration: none; font-size: 15px; font-weight: bold; color: #006eb6;\"><br \/>\n        7\u00b0 B\u00e1sico - Tradicional <span style=\"margin-left: 8px;\">&#10515;<\/span><br \/>\n      <\/a>\n    <\/td>\n<td style=\"border: 1px solid #ddd; padding: 14px;\">\n      <a href=\"https:\/\/www.ddee.cl\/upload_archivos\/lista_utiles\/upload\/2026\/CMA\/Bilingue\/7B\/archivo.pdf\"\n         target=\"_blank\" download\n         style=\"text-decoration: none; font-size: 15px; font-weight: bold; color: #00a97a;\"><br \/>\n        7\u00b0 B\u00e1sico - Biling\u00fce <span style=\"margin-left: 8px;\">&#10515;<\/span><br \/>\n      <\/a>\n    <\/td>\n<\/tr>\n<p>  <!-- 8\u00b0 B\u00e1sico --><\/p>\n<tr>\n<td style=\"border: 1px solid #ddd; padding: 14px;\">\n      <a href=\"https:\/\/www.ddee.cl\/upload_archivos\/lista_utiles\/upload\/2026\/CMA\/Tradicional\/8B\/archivo.pdf\"\n         target=\"_blank\" download\n         style=\"text-decoration: none; font-size: 15px; font-weight: bold; color: #006eb6;\"><br \/>\n        8\u00b0 B\u00e1sico - Tradicional <span style=\"margin-left: 8px;\">&#10515;<\/span><br \/>\n      <\/a>\n    <\/td>\n<td style=\"border: 1px solid #ddd; padding: 14px;\">\n      <a href=\"https:\/\/www.ddee.cl\/upload_archivos\/lista_utiles\/upload\/2026\/CMA\/Bilingue\/8B\/archivo.pdf\"\n         target=\"_blank\" download\n         style=\"text-decoration: none; font-size: 15px; font-weight: bold; color: #00a97a;\"><br \/>\n        8\u00b0 B\u00e1sico - Biling\u00fce <span style=\"margin-left: 8px;\">&#10515;<\/span><br \/>\n      <\/a>\n    <\/td>\n<\/tr>\n<p>  <!-- I Medio --><\/p>\n<tr>\n<td colspan=\"2\" style=\"border: 1px solid #ddd; padding: 14px;\">\n      <a href=\"https:\/\/www.ddee.cl\/upload_archivos\/lista_utiles\/upload\/2026\/CMA\/Tradicional\/1M\/archivo.pdf\"\n         target=\"_blank\" download\n         style=\"text-decoration: none; font-size: 15px; font-weight: bold; color: #006eb6;\"><br \/>\n        I Medio - Tradicional <span style=\"margin-left: 8px;\">&#10515;<\/span><br \/>\n      <\/a>\n    <\/td>\n<\/tr>\n<p>  <!-- II Medio --><\/p>\n<tr>\n<td colspan=\"2\" style=\"border: 1px solid #ddd; padding: 14px;\">\n      <a href=\"https:\/\/www.ddee.cl\/upload_archivos\/lista_utiles\/upload\/2026\/CMA\/Tradicional\/2M\/archivo.pdf\"\n         target=\"_blank\" download\n         style=\"text-decoration: none; font-size: 15px; font-weight: bold; color: #006eb6;\"><br \/>\n        II Medio - Tradicional <span style=\"margin-left: 8px;\">&#10515;<\/span><br \/>\n      <\/a>\n    <\/td>\n<\/tr>\n<p>  <!-- III Medio --><\/p>\n<tr>\n<td colspan=\"2\" style=\"border: 1px solid #ddd; padding: 14px;\">\n      <a href=\"https:\/\/www.ddee.cl\/upload_archivos\/lista_utiles\/upload\/2026\/CMA\/Tradicional\/3M\/archivo.pdf\"\n         target=\"_blank\" download\n         style=\"text-decoration: none; font-size: 15px; font-weight: bold; color: #006eb6;\"><br \/>\n        III Medio - Tradicional <span style=\"margin-left: 8px;\">&#10515;<\/span><br \/>\n      <\/a>\n    <\/td>\n<\/tr>\n<p>  <!-- IV Medio --><\/p>\n<tr>\n<td colspan=\"2\" style=\"border: 1px solid #ddd; padding: 14px;\">\n      <a href=\"https:\/\/www.ddee.cl\/upload_archivos\/lista_utiles\/upload\/2026\/CMA\/Tradicional\/4M\/archivo.pdf\"\n         target=\"_blank\" download\n         style=\"text-decoration: none; font-size: 15px; font-weight: bold; color: #006eb6;\"><br \/>\n        IV Medio - Tradicional <span style=\"margin-left: 8px;\">&#10515;<\/span><br \/>\n      <\/a>\n    <\/td>\n<\/tr>\n<\/table>\n\n                                        <\/div><\/div>\n                            \t<\/div>\n                    \t<\/div>\n            \t<!-- end content area --><\/section>\n        <\/div>[\/vc_column][\/vc_row]<\/p>\n<\/div>","protected":false},"excerpt":{"rendered":"<p>[vc_row][vc_column][\/vc_column][\/vc_row][vc_row][vc_column][\/vc_column][\/vc_row]<\/p>\n","protected":false},"author":14,"featured_media":0,"parent":0,"menu_order":0,"comment_status":"closed","ping_status":"closed","template":"","meta":{"_acf_changed":false,"content-type":"","footnotes":""},"class_list":["post-124150","page","type-page","status-publish","hentry"],"acf":[],"yoast_head":"<!-- This site is optimized with the Yoast SEO plugin v27.1.1 - https:\/\/yoast.com\/product\/yoast-seo-wordpress\/ -->\n<title>Lista de \u00fatiles - Colegio Pumahue Chicauma<\/title>\n<meta name=\"robots\" content=\"index, follow, max-snippet:-1, max-image-preview:large, max-video-preview:-1\" \/>\n<link rel=\"canonical\" href=\"https:\/\/www.pumahue.cl\/chicauma\/lista-de-utiles\/\" \/>\n<meta property=\"og:locale\" content=\"es_ES\" \/>\n<meta property=\"og:type\" content=\"article\" \/>\n<meta property=\"og:title\" content=\"Lista de \u00fatiles - Colegio Pumahue Chicauma\" \/>\n<meta property=\"og:description\" content=\"[vc_row][vc_column][\/vc_column][\/vc_row][vc_row][vc_column][\/vc_column][\/vc_row]\" \/>\n<meta property=\"og:url\" content=\"https:\/\/www.pumahue.cl\/chicauma\/lista-de-utiles\/\" \/>\n<meta property=\"og:site_name\" content=\"Colegio Pumahue Chicauma\" \/>\n<meta property=\"article:publisher\" content=\"http:\/\/www.facebook.com\/ColegiosPumahue\" \/>\n<meta property=\"article:modified_time\" content=\"2025-12-16T13:39:00+00:00\" \/>\n<meta property=\"og:image\" content=\"https:\/\/www.pumahue.cl\/chicauma\/wp-content\/uploads\/sites\/47\/2025\/02\/cropped-logo_Pumahue_.png\" \/>\n\t<meta property=\"og:image:width\" content=\"512\" \/>\n\t<meta property=\"og:image:height\" content=\"512\" \/>\n\t<meta property=\"og:image:type\" content=\"image\/png\" \/>\n<meta name=\"twitter:card\" content=\"summary_large_image\" \/>\n<meta name=\"twitter:label1\" content=\"Tiempo de lectura\" \/>\n\t<meta name=\"twitter:data1\" content=\"1 minuto\" \/>\n<script type=\"application\/ld+json\" class=\"yoast-schema-graph\">{\"@context\":\"https:\/\/schema.org\",\"@graph\":[{\"@type\":\"WebPage\",\"@id\":\"https:\/\/www.pumahue.cl\/chicauma\/lista-de-utiles\/\",\"url\":\"https:\/\/www.pumahue.cl\/chicauma\/lista-de-utiles\/\",\"name\":\"Lista de \u00fatiles - Colegio Pumahue Chicauma\",\"isPartOf\":{\"@id\":\"https:\/\/www.pumahue.cl\/chicauma\/#website\"},\"datePublished\":\"2024-12-16T12:16:15+00:00\",\"dateModified\":\"2025-12-16T13:39:00+00:00\",\"breadcrumb\":{\"@id\":\"https:\/\/www.pumahue.cl\/chicauma\/lista-de-utiles\/#breadcrumb\"},\"inLanguage\":\"es\",\"potentialAction\":[{\"@type\":\"ReadAction\",\"target\":[\"https:\/\/www.pumahue.cl\/chicauma\/lista-de-utiles\/\"]}]},{\"@type\":\"BreadcrumbList\",\"@id\":\"https:\/\/www.pumahue.cl\/chicauma\/lista-de-utiles\/#breadcrumb\",\"itemListElement\":[{\"@type\":\"ListItem\",\"position\":1,\"name\":\"Home\",\"item\":\"https:\/\/www.pumahue.cl\/chicauma\/\"},{\"@type\":\"ListItem\",\"position\":2,\"name\":\"Lista de \u00fatiles\"}]},{\"@type\":\"WebSite\",\"@id\":\"https:\/\/www.pumahue.cl\/chicauma\/#website\",\"url\":\"https:\/\/www.pumahue.cl\/chicauma\/\",\"name\":\"Colegio Pumahue Chicauma\",\"description\":\"Parte de Cognita Schools\",\"publisher\":{\"@id\":\"https:\/\/www.pumahue.cl\/chicauma\/#organization\"},\"potentialAction\":[{\"@type\":\"SearchAction\",\"target\":{\"@type\":\"EntryPoint\",\"urlTemplate\":\"https:\/\/www.pumahue.cl\/chicauma\/?s={search_term_string}\"},\"query-input\":{\"@type\":\"PropertyValueSpecification\",\"valueRequired\":true,\"valueName\":\"search_term_string\"}}],\"inLanguage\":\"es\"},{\"@type\":\"Organization\",\"@id\":\"https:\/\/www.pumahue.cl\/chicauma\/#organization\",\"name\":\"Colegio Pumahue Chicauma\",\"url\":\"https:\/\/www.pumahue.cl\/chicauma\/\",\"logo\":{\"@type\":\"ImageObject\",\"inLanguage\":\"es\",\"@id\":\"https:\/\/www.pumahue.cl\/chicauma\/#\/schema\/logo\/image\/\",\"url\":\"https:\/\/www.pumahue.cl\/chicauma\/wp-content\/uploads\/sites\/47\/2025\/02\/cropped-logo_Pumahue_.png\",\"contentUrl\":\"https:\/\/www.pumahue.cl\/chicauma\/wp-content\/uploads\/sites\/47\/2025\/02\/cropped-logo_Pumahue_.png\",\"width\":512,\"height\":512,\"caption\":\"Colegio Pumahue Chicauma\"},\"image\":{\"@id\":\"https:\/\/www.pumahue.cl\/chicauma\/#\/schema\/logo\/image\/\"},\"sameAs\":[\"http:\/\/www.facebook.com\/ColegiosPumahue\",\"https:\/\/www.instagram.com\/colegiopumahue_chicauma\/\",\"https:\/\/www.youtube.com\/@CognitaChile\"]}]}<\/script>\n<!-- \/ Yoast SEO plugin. -->","yoast_head_json":{"title":"Lista de \u00fatiles - Colegio Pumahue Chicauma","robots":{"index":"index","follow":"follow","max-snippet":"max-snippet:-1","max-image-preview":"max-image-preview:large","max-video-preview":"max-video-preview:-1"},"canonical":"https:\/\/www.pumahue.cl\/chicauma\/lista-de-utiles\/","og_locale":"es_ES","og_type":"article","og_title":"Lista de \u00fatiles - Colegio Pumahue Chicauma","og_description":"[vc_row][vc_column][\/vc_column][\/vc_row][vc_row][vc_column][\/vc_column][\/vc_row]","og_url":"https:\/\/www.pumahue.cl\/chicauma\/lista-de-utiles\/","og_site_name":"Colegio Pumahue Chicauma","article_publisher":"http:\/\/www.facebook.com\/ColegiosPumahue","article_modified_time":"2025-12-16T13:39:00+00:00","og_image":[{"width":512,"height":512,"url":"https:\/\/www.pumahue.cl\/chicauma\/wp-content\/uploads\/sites\/47\/2025\/02\/cropped-logo_Pumahue_.png","type":"image\/png"}],"twitter_card":"summary_large_image","twitter_misc":{"Tiempo de lectura":"1 minuto"},"schema":{"@context":"https:\/\/schema.org","@graph":[{"@type":"WebPage","@id":"https:\/\/www.pumahue.cl\/chicauma\/lista-de-utiles\/","url":"https:\/\/www.pumahue.cl\/chicauma\/lista-de-utiles\/","name":"Lista de \u00fatiles - Colegio Pumahue Chicauma","isPartOf":{"@id":"https:\/\/www.pumahue.cl\/chicauma\/#website"},"datePublished":"2024-12-16T12:16:15+00:00","dateModified":"2025-12-16T13:39:00+00:00","breadcrumb":{"@id":"https:\/\/www.pumahue.cl\/chicauma\/lista-de-utiles\/#breadcrumb"},"inLanguage":"es","potentialAction":[{"@type":"ReadAction","target":["https:\/\/www.pumahue.cl\/chicauma\/lista-de-utiles\/"]}]},{"@type":"BreadcrumbList","@id":"https:\/\/www.pumahue.cl\/chicauma\/lista-de-utiles\/#breadcrumb","itemListElement":[{"@type":"ListItem","position":1,"name":"Home","item":"https:\/\/www.pumahue.cl\/chicauma\/"},{"@type":"ListItem","position":2,"name":"Lista de \u00fatiles"}]},{"@type":"WebSite","@id":"https:\/\/www.pumahue.cl\/chicauma\/#website","url":"https:\/\/www.pumahue.cl\/chicauma\/","name":"Colegio Pumahue Chicauma","description":"Parte de Cognita Schools","publisher":{"@id":"https:\/\/www.pumahue.cl\/chicauma\/#organization"},"potentialAction":[{"@type":"SearchAction","target":{"@type":"EntryPoint","urlTemplate":"https:\/\/www.pumahue.cl\/chicauma\/?s={search_term_string}"},"query-input":{"@type":"PropertyValueSpecification","valueRequired":true,"valueName":"search_term_string"}}],"inLanguage":"es"},{"@type":"Organization","@id":"https:\/\/www.pumahue.cl\/chicauma\/#organization","name":"Colegio Pumahue Chicauma","url":"https:\/\/www.pumahue.cl\/chicauma\/","logo":{"@type":"ImageObject","inLanguage":"es","@id":"https:\/\/www.pumahue.cl\/chicauma\/#\/schema\/logo\/image\/","url":"https:\/\/www.pumahue.cl\/chicauma\/wp-content\/uploads\/sites\/47\/2025\/02\/cropped-logo_Pumahue_.png","contentUrl":"https:\/\/www.pumahue.cl\/chicauma\/wp-content\/uploads\/sites\/47\/2025\/02\/cropped-logo_Pumahue_.png","width":512,"height":512,"caption":"Colegio Pumahue Chicauma"},"image":{"@id":"https:\/\/www.pumahue.cl\/chicauma\/#\/schema\/logo\/image\/"},"sameAs":["http:\/\/www.facebook.com\/ColegiosPumahue","https:\/\/www.instagram.com\/colegiopumahue_chicauma\/","https:\/\/www.youtube.com\/@CognitaChile"]}]}},"jetpack_sharing_enabled":true,"_links":{"self":[{"href":"https:\/\/www.pumahue.cl\/chicauma\/wp-json\/wp\/v2\/pages\/124150","targetHints":{"allow":["GET"]}}],"collection":[{"href":"https:\/\/www.pumahue.cl\/chicauma\/wp-json\/wp\/v2\/pages"}],"about":[{"href":"https:\/\/www.pumahue.cl\/chicauma\/wp-json\/wp\/v2\/types\/page"}],"author":[{"embeddable":true,"href":"https:\/\/www.pumahue.cl\/chicauma\/wp-json\/wp\/v2\/users\/14"}],"replies":[{"embeddable":true,"href":"https:\/\/www.pumahue.cl\/chicauma\/wp-json\/wp\/v2\/comments?post=124150"}],"version-history":[{"count":4,"href":"https:\/\/www.pumahue.cl\/chicauma\/wp-json\/wp\/v2\/pages\/124150\/revisions"}],"predecessor-version":[{"id":127913,"href":"https:\/\/www.pumahue.cl\/chicauma\/wp-json\/wp\/v2\/pages\/124150\/revisions\/127913"}],"wp:attachment":[{"href":"https:\/\/www.pumahue.cl\/chicauma\/wp-json\/wp\/v2\/media?parent=124150"}],"curies":[{"name":"wp","href":"https:\/\/api.w.org\/{rel}","templated":true}]}}