
     {"id":121469,"date":"2024-09-12T17:15:26","date_gmt":"2024-09-12T20:15:26","guid":{"rendered":"https:\/\/www.manquecuranunoa.cl\/?page_id=121469"},"modified":"2026-03-24T15:46:38","modified_gmt":"2026-03-24T18:46:38","slug":"cognita","status":"publish","type":"page","link":"https:\/\/www.pumahue.cl\/chicureo\/cognita\/","title":{"rendered":"A Cognita School"},"content":{"rendered":"<div class=\"wpb-content-wrapper\"><p>[vc_row el_class=&#8221;hola&#8221;][vc_column]<section  class=\"bg-video-wrap hero section hero--centertext  small-header \" style='background: url(https:\/\/www.pumahue.cl\/chicureo\/wp-content\/uploads\/sites\/46\/2025\/02\/Captura-de-pantalla-2025-02-04-a-las-11.09.06.png) top ;background-size:cover ;'>\n                <div class=\"bg-overlay\" style='background:#1c233d;opacity:0.4;'><\/div>\n                <div class=\"overlay\" >\n                  <div class=\"container-fluid\">\n                    <div class=\"row\">\n                      <div class=\"col-md-12 col-lg-12\">\n\n                        <div class=\"caption text-start\"><div class=\"component sub-heading\" >\n                              <h1 class=\"display-h1\">A Cognita School<\/h1>\n                            <\/div><\/div>\n                      <\/div>\n                    <\/div>\n                  <\/div>\n                <\/div>\n              <\/section><div class='row  m-x-0 breadcrumb-wrap ' style=''><div class='container-fluid' >\n                <nav aria-label='breadcrumb'><ol class=\"breadcrumb mt-3\">\n                  <li class=\"breadcrumb-item\"><a href=\"https:\/\/www.pumahue.cl\/chicureo\">Home<\/a><\/li>\n                  <li class=\"breadcrumb-item active\" aria-current=\"page\">A Cognita School<\/li>\n                <\/ol>\n              <\/nav>\n              <\/div>\n            <\/div>[\/vc_column][\/vc_row][vc_row][vc_column]\n            <div class=\"wrapper\">\n    <section  style='' class=\"section    container-width    \" ><div class=\"container-fluid\"><div class=\"row    \"><div class=\" col-lg-6 col-md-6      \" ><div class=\"component mb-1 mt-0  radius-bottom-LR \" style='px'><div class=\"sub-heading component\"><h2  class=\"h5  \">Abriendo las puertas a una comunidad de aprendizaje global<\/h2><\/div>\n                        <div class=\"sub-heading component \">\n                        <p class=\"body-medium\">En Cognita, valoramos la singularidad de cada estudiante. Potenciamos sus personalidades y fortalezas, brindando apoyo acad\u00e9mico, social y emocional adaptado a sus necesidades.<br \/>\n<br \/>\nNuestras escuelas son \u00fanicas y respetamos sus caracter\u00edsticas distintivas. Proporcionamos un conocimiento enriquecedor y las mejores pr\u00e1cticas, integrando a los estudiantes en una comunidad global de m\u00e1s de 100 colegios en 16 pa\u00edses.<br \/>\n<br \/>\nEsto les asegura una educaci\u00f3n verdaderamente de clase mundial. Nuestro enfoque personalizado empodera a cada colegio, docente y estudiante para sobresalir en sus habilidades y alcanzar su m\u00e1ximo potencial.<\/p>\n                        <\/div><\/div><\/div>\n                    <div class=\"col-lg-6 col-md-6    \"><div class=\"component single-img \"><div class=\"ratio ratio-1x1 callout-img halfcol--img image_overlay_4096\" style=\"background-image: url(https:\/\/www.pumahue.cl\/chicureo\/wp-content\/uploads\/sites\/46\/2025\/02\/Cognita-GIF_nov.2024_NoBackground.gif);\"><\/div><\/div> <\/div>\n             <\/div>\n        <\/div>\n<\/section>\n            <\/div>[\/vc_column][\/vc_row][vc_row css=&#8221;.vc_custom_1732303111985{background-color: #E9F0F5 !important;}&#8221; el_class=&#8221;linear-gradient-primary&#8221;][vc_column]<style>\n\t\t\t\t\t\t.linkcard-override .card--bordered {\n\t\t\t\t\t\t\tborder-color: #FFFFFF !important;\n\t\t\t\t\t\t\ttransition: color .15s ease-in-out,\n\t\t\t\t\t\t\t\t\t\tbackground-color .15s ease-in-out,\n\t\t\t\t\t\t\t\t\t\tborder-color .15s ease-in-out,\n\t\t\t\t\t\t\t\t\t\tbox-shadow .15s ease-in-out;\n\t\t\t\t\t\t}\n\t\t\t\t\t\t.linkcard-override .btn-link {color: #FFFFFF !important;}\n\t\t\t\t\t\t.linkcard-override .card--bordered:hover { border-color: #DD9933 !important;}\n\t\t\t\t\t\t.linkcard-override .card--bordered:hover .btn-link {color: #DD9933 !important}\n\t\t\t\t\t\t.linkcard-override .btn-link:hover {color: #FFFFFF !important;}\n\t\t\t\t\t<\/style><section class=\"section section--blue bottom-step TopBottomBorder   \" style=\"background-image: url('');;;\"><div class=\"container-fluid\"><div class=\"row\"><div class=\"col-sm-12\"><div class=\"component title\"><p class=\"body-small\">Quiz\u00e1s le interese<\/p><\/div><\/div><\/div><div class=\"row\"><div class=\"col-md-4\"><div class=\"component linkcard linkcard-override\">\n                                <a class=\"card card--bordered\" href=\"\/chicureo\/admision\/contacto\/\">\n                                    <div class=\"card-body d-flex align-items-center\">\n                                    <div> <div class=\"component link\">\n                                            <div  class=\"btn btn-link simple-link h5\">Cont\u00e1ctanos<\/div>\n                                        <\/div><\/div><\/div><\/a><\/div><\/div><div class=\"col-md-4\"><div class=\"component linkcard linkcard-override\">\n                                <a class=\"card card--bordered\" href=\"https:\/\/landing.pumahue.cl\/chicureo-admision\">\n                                    <div class=\"card-body d-flex align-items-center\">\n                                    <div> <div class=\"component link\">\n                                            <div  class=\"btn btn-link simple-link h5\">Postule Aqu\u00ed<\/div>\n                                        <\/div><\/div><\/div><\/a><\/div><\/div><div class=\"col-md-4\"><div class=\"component linkcard linkcard-override\">\n                                <a class=\"card card--bordered\" href=\"\/chicureo\/admision\/proceso-de-admision\/\">\n                                    <div class=\"card-body d-flex align-items-center\">\n                                    <div> <div class=\"component link\">\n                                            <div  class=\"btn btn-link simple-link h5\">Ven a Conocernos<\/div>\n                                        <\/div><\/div><\/div><\/a><\/div><\/div><\/div><\/section>[\/vc_column][\/vc_row]<\/p>\n<\/div>","protected":false},"excerpt":{"rendered":"<p>[vc_row el_class=&#8221;hola&#8221;][vc_column][\/vc_column][\/vc_row][vc_row][vc_column][\/vc_column][\/vc_row][vc_row css=&#8221;.vc_custom_1732303111985{background-color: #E9F0F5 !important;}&#8221; el_class=&#8221;linear-gradient-primary&#8221;][vc_column][\/vc_column][\/vc_row]<\/p>\n","protected":false},"author":14,"featured_media":0,"parent":0,"menu_order":0,"comment_status":"closed","ping_status":"closed","template":"","meta":{"_acf_changed":false,"content-type":"","footnotes":""},"class_list":["post-121469","page","type-page","status-publish","hentry"],"acf":[],"yoast_head":"<!-- This site is optimized with the Yoast SEO plugin v27.1.1 - https:\/\/yoast.com\/product\/yoast-seo-wordpress\/ -->\n<title>A Cognita School - Colegio Pumahue Chicureo<\/title>\n<meta name=\"description\" content=\"Cognita Schools es una comunidad educativa internacional que abarca m\u00e1s de 100 colegios en 17 pa\u00edses. Fundada en 2004, Cognita promueve una educaci\u00f3n hol\u00edstica, destac\u00e1ndose por su enfoque integral que abarca el desarrollo acad\u00e9mico, social, emocional y f\u00edsico de sus estudiantes.Con m\u00faltiples programas curriculares, incluidos el Bachillerato Internacional y otros planes nacionales, Cognita fomenta un entorno de aprendizaje biling\u00fce y multicultural, guiado por la innovaci\u00f3n y la excelencia educativa.Este enfoque basado en cuatro pilares \u2013 educaci\u00f3n integral, liderazgo, excelencia operativa y crecimiento \u2013 permite a los estudiantes prosperar en un mundo en constante cambio.\" \/>\n<meta name=\"robots\" content=\"index, follow, max-snippet:-1, max-image-preview:large, max-video-preview:-1\" \/>\n<link rel=\"canonical\" href=\"https:\/\/www.pumahue.cl\/chicureo\/cognita\/\" \/>\n<meta property=\"og:locale\" content=\"es_ES\" \/>\n<meta property=\"og:type\" content=\"article\" \/>\n<meta property=\"og:title\" content=\"A Cognita School - Colegio Pumahue Chicureo\" \/>\n<meta property=\"og:description\" content=\"Cognita Schools es una comunidad educativa internacional que abarca m\u00e1s de 100 colegios en 17 pa\u00edses. Fundada en 2004, Cognita promueve una educaci\u00f3n hol\u00edstica, destac\u00e1ndose por su enfoque integral que abarca el desarrollo acad\u00e9mico, social, emocional y f\u00edsico de sus estudiantes.Con m\u00faltiples programas curriculares, incluidos el Bachillerato Internacional y otros planes nacionales, Cognita fomenta un entorno de aprendizaje biling\u00fce y multicultural, guiado por la innovaci\u00f3n y la excelencia educativa.Este enfoque basado en cuatro pilares \u2013 educaci\u00f3n integral, liderazgo, excelencia operativa y crecimiento \u2013 permite a los estudiantes prosperar en un mundo en constante cambio.\" \/>\n<meta property=\"og:url\" content=\"https:\/\/www.pumahue.cl\/chicureo\/cognita\/\" \/>\n<meta property=\"og:site_name\" content=\"Colegio Pumahue Chicureo\" \/>\n<meta property=\"article:modified_time\" content=\"2026-03-24T18:46:38+00:00\" \/>\n<meta property=\"og:image\" content=\"https:\/\/www.pumahue.cl\/chicureo\/wp-content\/uploads\/sites\/46\/2025\/02\/cropped-logo_Pumahue_.png\" \/>\n\t<meta property=\"og:image:width\" content=\"512\" \/>\n\t<meta property=\"og:image:height\" content=\"512\" \/>\n\t<meta property=\"og:image:type\" content=\"image\/png\" \/>\n<meta name=\"twitter:card\" content=\"summary_large_image\" \/>\n<meta name=\"twitter:label1\" content=\"Tiempo de lectura\" \/>\n\t<meta name=\"twitter:data1\" content=\"1 minuto\" \/>\n<script type=\"application\/ld+json\" class=\"yoast-schema-graph\">{\"@context\":\"https:\/\/schema.org\",\"@graph\":[{\"@type\":\"WebPage\",\"@id\":\"https:\/\/www.pumahue.cl\/chicureo\/cognita\/\",\"url\":\"https:\/\/www.pumahue.cl\/chicureo\/cognita\/\",\"name\":\"A Cognita School - Colegio Pumahue Chicureo\",\"isPartOf\":{\"@id\":\"https:\/\/www.pumahue.cl\/chicureo\/#website\"},\"datePublished\":\"2024-09-12T20:15:26+00:00\",\"dateModified\":\"2026-03-24T18:46:38+00:00\",\"description\":\"Cognita Schools es una comunidad educativa internacional que abarca m\u00e1s de 100 colegios en 17 pa\u00edses. Fundada en 2004, Cognita promueve una educaci\u00f3n hol\u00edstica, destac\u00e1ndose por su enfoque integral que abarca el desarrollo acad\u00e9mico, social, emocional y f\u00edsico de sus estudiantes.Con m\u00faltiples programas curriculares, incluidos el Bachillerato Internacional y otros planes nacionales, Cognita fomenta un entorno de aprendizaje biling\u00fce y multicultural, guiado por la innovaci\u00f3n y la excelencia educativa.Este enfoque basado en cuatro pilares \u2013 educaci\u00f3n integral, liderazgo, excelencia operativa y crecimiento \u2013 permite a los estudiantes prosperar en un mundo en constante cambio.\",\"breadcrumb\":{\"@id\":\"https:\/\/www.pumahue.cl\/chicureo\/cognita\/#breadcrumb\"},\"inLanguage\":\"es\",\"potentialAction\":[{\"@type\":\"ReadAction\",\"target\":[\"https:\/\/www.pumahue.cl\/chicureo\/cognita\/\"]}]},{\"@type\":\"BreadcrumbList\",\"@id\":\"https:\/\/www.pumahue.cl\/chicureo\/cognita\/#breadcrumb\",\"itemListElement\":[{\"@type\":\"ListItem\",\"position\":1,\"name\":\"Home\",\"item\":\"https:\/\/www.pumahue.cl\/chicureo\/\"},{\"@type\":\"ListItem\",\"position\":2,\"name\":\"A Cognita School\"}]},{\"@type\":\"WebSite\",\"@id\":\"https:\/\/www.pumahue.cl\/chicureo\/#website\",\"url\":\"https:\/\/www.pumahue.cl\/chicureo\/\",\"name\":\"Colegio Pumahue Chicureo\",\"description\":\"Parte de Cognita Schools\",\"potentialAction\":[{\"@type\":\"SearchAction\",\"target\":{\"@type\":\"EntryPoint\",\"urlTemplate\":\"https:\/\/www.pumahue.cl\/chicureo\/?s={search_term_string}\"},\"query-input\":{\"@type\":\"PropertyValueSpecification\",\"valueRequired\":true,\"valueName\":\"search_term_string\"}}],\"inLanguage\":\"es\"}]}<\/script>\n<!-- \/ Yoast SEO plugin. -->","yoast_head_json":{"title":"A Cognita School - Colegio Pumahue Chicureo","description":"Cognita Schools es una comunidad educativa internacional que abarca m\u00e1s de 100 colegios en 17 pa\u00edses. Fundada en 2004, Cognita promueve una educaci\u00f3n hol\u00edstica, destac\u00e1ndose por su enfoque integral que abarca el desarrollo acad\u00e9mico, social, emocional y f\u00edsico de sus estudiantes.Con m\u00faltiples programas curriculares, incluidos el Bachillerato Internacional y otros planes nacionales, Cognita fomenta un entorno de aprendizaje biling\u00fce y multicultural, guiado por la innovaci\u00f3n y la excelencia educativa.Este enfoque basado en cuatro pilares \u2013 educaci\u00f3n integral, liderazgo, excelencia operativa y crecimiento \u2013 permite a los estudiantes prosperar en un mundo en constante cambio.","robots":{"index":"index","follow":"follow","max-snippet":"max-snippet:-1","max-image-preview":"max-image-preview:large","max-video-preview":"max-video-preview:-1"},"canonical":"https:\/\/www.pumahue.cl\/chicureo\/cognita\/","og_locale":"es_ES","og_type":"article","og_title":"A Cognita School - Colegio Pumahue Chicureo","og_description":"Cognita Schools es una comunidad educativa internacional que abarca m\u00e1s de 100 colegios en 17 pa\u00edses. Fundada en 2004, Cognita promueve una educaci\u00f3n hol\u00edstica, destac\u00e1ndose por su enfoque integral que abarca el desarrollo acad\u00e9mico, social, emocional y f\u00edsico de sus estudiantes.Con m\u00faltiples programas curriculares, incluidos el Bachillerato Internacional y otros planes nacionales, Cognita fomenta un entorno de aprendizaje biling\u00fce y multicultural, guiado por la innovaci\u00f3n y la excelencia educativa.Este enfoque basado en cuatro pilares \u2013 educaci\u00f3n integral, liderazgo, excelencia operativa y crecimiento \u2013 permite a los estudiantes prosperar en un mundo en constante cambio.","og_url":"https:\/\/www.pumahue.cl\/chicureo\/cognita\/","og_site_name":"Colegio Pumahue Chicureo","article_modified_time":"2026-03-24T18:46:38+00:00","og_image":[{"width":512,"height":512,"url":"https:\/\/www.pumahue.cl\/chicureo\/wp-content\/uploads\/sites\/46\/2025\/02\/cropped-logo_Pumahue_.png","type":"image\/png"}],"twitter_card":"summary_large_image","twitter_misc":{"Tiempo de lectura":"1 minuto"},"schema":{"@context":"https:\/\/schema.org","@graph":[{"@type":"WebPage","@id":"https:\/\/www.pumahue.cl\/chicureo\/cognita\/","url":"https:\/\/www.pumahue.cl\/chicureo\/cognita\/","name":"A Cognita School - Colegio Pumahue Chicureo","isPartOf":{"@id":"https:\/\/www.pumahue.cl\/chicureo\/#website"},"datePublished":"2024-09-12T20:15:26+00:00","dateModified":"2026-03-24T18:46:38+00:00","description":"Cognita Schools es una comunidad educativa internacional que abarca m\u00e1s de 100 colegios en 17 pa\u00edses. Fundada en 2004, Cognita promueve una educaci\u00f3n hol\u00edstica, destac\u00e1ndose por su enfoque integral que abarca el desarrollo acad\u00e9mico, social, emocional y f\u00edsico de sus estudiantes.Con m\u00faltiples programas curriculares, incluidos el Bachillerato Internacional y otros planes nacionales, Cognita fomenta un entorno de aprendizaje biling\u00fce y multicultural, guiado por la innovaci\u00f3n y la excelencia educativa.Este enfoque basado en cuatro pilares \u2013 educaci\u00f3n integral, liderazgo, excelencia operativa y crecimiento \u2013 permite a los estudiantes prosperar en un mundo en constante cambio.","breadcrumb":{"@id":"https:\/\/www.pumahue.cl\/chicureo\/cognita\/#breadcrumb"},"inLanguage":"es","potentialAction":[{"@type":"ReadAction","target":["https:\/\/www.pumahue.cl\/chicureo\/cognita\/"]}]},{"@type":"BreadcrumbList","@id":"https:\/\/www.pumahue.cl\/chicureo\/cognita\/#breadcrumb","itemListElement":[{"@type":"ListItem","position":1,"name":"Home","item":"https:\/\/www.pumahue.cl\/chicureo\/"},{"@type":"ListItem","position":2,"name":"A Cognita School"}]},{"@type":"WebSite","@id":"https:\/\/www.pumahue.cl\/chicureo\/#website","url":"https:\/\/www.pumahue.cl\/chicureo\/","name":"Colegio Pumahue Chicureo","description":"Parte de Cognita Schools","potentialAction":[{"@type":"SearchAction","target":{"@type":"EntryPoint","urlTemplate":"https:\/\/www.pumahue.cl\/chicureo\/?s={search_term_string}"},"query-input":{"@type":"PropertyValueSpecification","valueRequired":true,"valueName":"search_term_string"}}],"inLanguage":"es"}]}},"jetpack_sharing_enabled":true,"_links":{"self":[{"href":"https:\/\/www.pumahue.cl\/chicureo\/wp-json\/wp\/v2\/pages\/121469","targetHints":{"allow":["GET"]}}],"collection":[{"href":"https:\/\/www.pumahue.cl\/chicureo\/wp-json\/wp\/v2\/pages"}],"about":[{"href":"https:\/\/www.pumahue.cl\/chicureo\/wp-json\/wp\/v2\/types\/page"}],"author":[{"embeddable":true,"href":"https:\/\/www.pumahue.cl\/chicureo\/wp-json\/wp\/v2\/users\/14"}],"replies":[{"embeddable":true,"href":"https:\/\/www.pumahue.cl\/chicureo\/wp-json\/wp\/v2\/comments?post=121469"}],"version-history":[{"count":6,"href":"https:\/\/www.pumahue.cl\/chicureo\/wp-json\/wp\/v2\/pages\/121469\/revisions"}],"predecessor-version":[{"id":128885,"href":"https:\/\/www.pumahue.cl\/chicureo\/wp-json\/wp\/v2\/pages\/121469\/revisions\/128885"}],"wp:attachment":[{"href":"https:\/\/www.pumahue.cl\/chicureo\/wp-json\/wp\/v2\/media?parent=121469"}],"curies":[{"name":"wp","href":"https:\/\/api.w.org\/{rel}","templated":true}]}}